{"id":632,"date":"2020-02-09T09:23:10","date_gmt":"2020-02-09T08:23:10","guid":{"rendered":"http:\/\/www.ecrins-photo.fr\/blog\/?page_id=632"},"modified":"2020-02-09T12:25:31","modified_gmt":"2020-02-09T11:25:31","slug":"articles","status":"publish","type":"page","link":"https:\/\/www.ecrins-photo.fr\/blog\/","title":{"rendered":""},"content":{"rendered":"\n<div class=\"wp-block-nextend-smartslider3\"><\/div>\n\n\n\n<p><\/p>\n\n\n\n<div class=\"wp-block-nextend-smartslider3\"><\/div>\n\n\n\n<div class=\"wp-block-nextend-smartslider3\"><\/div>\n","protected":false},"excerpt":{"rendered":"","protected":false},"author":1,"featured_media":0,"parent":0,"menu_order":0,"comment_status":"closed","ping_status":"closed","template":"","meta":{"_exactmetrics_skip_tracking":false,"_exactmetrics_sitenote_active":false,"_exactmetrics_sitenote_note":"","_exactmetrics_sitenote_category":0},"yoast_head":"<!-- This site is optimized with the Yoast SEO plugin v17.9 - https:\/\/yoast.com\/wordpress\/plugins\/seo\/ -->\n<meta name=\"description\" content=\"Au fil des \u00e9rrances et d\u00e9ambulations photographiques, d\u00e9couvrez des articles pour suivre l&#039;univers photographique de l&#039;Ecrins-Photo.\" \/>\n<meta name=\"robots\" content=\"index, follow, max-snippet:-1, max-image-preview:large, max-video-preview:-1\" \/>\n<link rel=\"canonical\" href=\"http:\/\/www.ecrins-photo.fr\/blog\/\" \/>\n<meta property=\"og:locale\" content=\"fr_FR\" \/>\n<meta property=\"og:type\" content=\"article\" \/>\n<meta property=\"og:title\" content=\"L&#039;Ecrins Photo, le blog, \u00e9rrances et d\u00e9ambulations photographiques.\" \/>\n<meta property=\"og:description\" content=\"Au fil des \u00e9rrances et d\u00e9ambulations photographiques, d\u00e9couvrez des articles pour suivre l&#039;univers photographique de l&#039;Ecrins-Photo.\" \/>\n<meta property=\"og:url\" content=\"http:\/\/www.ecrins-photo.fr\/blog\/\" \/>\n<meta property=\"og:site_name\" content=\"L&#039;Ecrins Photo, le blog\" \/>\n<meta property=\"article:publisher\" content=\"https:\/\/www.facebook.com\/LEcrins-Photo-photographie-362218033868644\/\" \/>\n<meta property=\"article:modified_time\" content=\"2020-02-09T11:25:31+00:00\" \/>\n<meta name=\"twitter:card\" content=\"summary\" \/>\n<script type=\"application\/ld+json\" class=\"yoast-schema-graph\">{\n\t    \"@context\": \"https:\/\/schema.org\",\n\t    \"@graph\": [\n\t        {\n\t            \"@type\": \"WebSite\",\n\t            \"@id\": \"http:\/\/www.ecrins-photo.fr\/blog\/#website\",\n\t            \"url\": \"http:\/\/www.ecrins-photo.fr\/blog\/\",\n\t            \"name\": \"L&#039;Ecrins Photo, le blog\",\n\t            \"description\": \"Le blog de L&#039;Ecrins-Photo\",\n\t            \"potentialAction\": [\n\t                {\n\t                    \"@type\": \"SearchAction\",\n\t                    \"target\": {\n\t                        \"@type\": \"EntryPoint\",\n\t                        \"urlTemplate\": \"http:\/\/www.ecrins-photo.fr\/blog\/?s={search_term_string}\"\n\t                    },\n\t                    \"query-input\": \"required name=search_term_string\"\n\t                }\n\t            ],\n\t            \"inLanguage\": \"fr-FR\"\n\t        },\n\t        {\n\t            \"@type\": \"WebPage\",\n\t            \"@id\": \"http:\/\/www.ecrins-photo.fr\/blog\/#webpage\",\n\t            \"url\": \"http:\/\/www.ecrins-photo.fr\/blog\/\",\n\t            \"name\": \"L&#039;Ecrins Photo, le blog, \\u00e9rrances et d\\u00e9ambulations photographiques.\",\n\t            \"isPartOf\": {\n\t                \"@id\": \"http:\/\/www.ecrins-photo.fr\/blog\/#website\"\n\t            },\n\t            \"datePublished\": \"2020-02-09T08:23:10+00:00\",\n\t            \"dateModified\": \"2020-02-09T11:25:31+00:00\",\n\t            \"description\": \"Au fil des \\u00e9rrances et d\\u00e9ambulations photographiques, d\\u00e9couvrez des articles pour suivre l'univers photographique de l'Ecrins-Photo.\",\n\t            \"breadcrumb\": {\n\t                \"@id\": \"http:\/\/www.ecrins-photo.fr\/blog\/#breadcrumb\"\n\t            },\n\t            \"inLanguage\": \"fr-FR\",\n\t            \"potentialAction\": [\n\t                {\n\t                    \"@type\": \"ReadAction\",\n\t                    \"target\": [\n\t                        \"http:\/\/www.ecrins-photo.fr\/blog\/\"\n\t                    ]\n\t                }\n\t            ]\n\t        },\n\t        {\n\t            \"@type\": \"BreadcrumbList\",\n\t            \"@id\": \"http:\/\/www.ecrins-photo.fr\/blog\/#breadcrumb\",\n\t            \"itemListElement\": [\n\t                {\n\t                    \"@type\": \"ListItem\",\n\t                    \"position\": 1,\n\t                    \"name\": \"Accueil\",\n\t                    \"item\": \"http:\/\/www.ecrins-photo.fr\/blog\/\"\n\t                },\n\t                {\n\t                    \"@type\": \"ListItem\",\n\t                    \"position\": 2,\n\t                    \"name\": \"\"\n\t                }\n\t            ]\n\t        }\n\t    ]\n\t}<\/script>\n<!-- \/ Yoast SEO plugin. -->","yoast_head_json":{"description":"Au fil des \u00e9rrances et d\u00e9ambulations photographiques, d\u00e9couvrez des articles pour suivre l'univers photographique de l'Ecrins-Photo.","robots":{"index":"index","follow":"follow","max-snippet":"max-snippet:-1","max-image-preview":"max-image-preview:large","max-video-preview":"max-video-preview:-1"},"canonical":"http:\/\/www.ecrins-photo.fr\/blog\/","og_locale":"fr_FR","og_type":"article","og_title":"L&#039;Ecrins Photo, le blog, \u00e9rrances et d\u00e9ambulations photographiques.","og_description":"Au fil des \u00e9rrances et d\u00e9ambulations photographiques, d\u00e9couvrez des articles pour suivre l'univers photographique de l'Ecrins-Photo.","og_url":"http:\/\/www.ecrins-photo.fr\/blog\/","og_site_name":"L&#039;Ecrins Photo, le blog","article_publisher":"https:\/\/www.facebook.com\/LEcrins-Photo-photographie-362218033868644\/","article_modified_time":"2020-02-09T11:25:31+00:00","twitter_card":"summary","schema":{"@context":"https:\/\/schema.org","@graph":[{"@type":"WebSite","@id":"http:\/\/www.ecrins-photo.fr\/blog\/#website","url":"http:\/\/www.ecrins-photo.fr\/blog\/","name":"L&#039;Ecrins Photo, le blog","description":"Le blog de L&#039;Ecrins-Photo","potentialAction":[{"@type":"SearchAction","target":{"@type":"EntryPoint","urlTemplate":"http:\/\/www.ecrins-photo.fr\/blog\/?s={search_term_string}"},"query-input":"required name=search_term_string"}],"inLanguage":"fr-FR"},{"@type":"WebPage","@id":"http:\/\/www.ecrins-photo.fr\/blog\/#webpage","url":"http:\/\/www.ecrins-photo.fr\/blog\/","name":"L&#039;Ecrins Photo, le blog, \u00e9rrances et d\u00e9ambulations photographiques.","isPartOf":{"@id":"http:\/\/www.ecrins-photo.fr\/blog\/#website"},"datePublished":"2020-02-09T08:23:10+00:00","dateModified":"2020-02-09T11:25:31+00:00","description":"Au fil des \u00e9rrances et d\u00e9ambulations photographiques, d\u00e9couvrez des articles pour suivre l'univers photographique de l'Ecrins-Photo.","breadcrumb":{"@id":"http:\/\/www.ecrins-photo.fr\/blog\/#breadcrumb"},"inLanguage":"fr-FR","potentialAction":[{"@type":"ReadAction","target":["http:\/\/www.ecrins-photo.fr\/blog\/"]}]},{"@type":"BreadcrumbList","@id":"http:\/\/www.ecrins-photo.fr\/blog\/#breadcrumb","itemListElement":[{"@type":"ListItem","position":1,"name":"Accueil","item":"http:\/\/www.ecrins-photo.fr\/blog\/"},{"@type":"ListItem","position":2,"name":""}]}]}},"_links":{"self":[{"href":"https:\/\/www.ecrins-photo.fr\/blog\/wp-json\/wp\/v2\/pages\/632"}],"collection":[{"href":"https:\/\/www.ecrins-photo.fr\/blog\/wp-json\/wp\/v2\/pages"}],"about":[{"href":"https:\/\/www.ecrins-photo.fr\/blog\/wp-json\/wp\/v2\/types\/page"}],"author":[{"embeddable":true,"href":"https:\/\/www.ecrins-photo.fr\/blog\/wp-json\/wp\/v2\/users\/1"}],"replies":[{"embeddable":true,"href":"https:\/\/www.ecrins-photo.fr\/blog\/wp-json\/wp\/v2\/comments?post=632"}],"version-history":[{"count":7,"href":"https:\/\/www.ecrins-photo.fr\/blog\/wp-json\/wp\/v2\/pages\/632\/revisions"}],"predecessor-version":[{"id":644,"href":"https:\/\/www.ecrins-photo.fr\/blog\/wp-json\/wp\/v2\/pages\/632\/revisions\/644"}],"wp:attachment":[{"href":"https:\/\/www.ecrins-photo.fr\/blog\/wp-json\/wp\/v2\/media?parent=632"}],"curies":[{"name":"wp","href":"https:\/\/api.w.org\/{rel}","templated":true}]}}